{"id":26,"date":"2026-03-19T13:22:26","date_gmt":"2026-03-19T13:22:26","guid":{"rendered":"https:\/\/dlxtrucking.com\/?page_id=26"},"modified":"2026-03-24T19:45:04","modified_gmt":"2026-03-24T19:45:04","slug":"contacto","status":"publish","type":"page","link":"https:\/\/dlxtrucking.com\/en\/contacto\/","title":{"rendered":"Contact"},"content":{"rendered":"\n<div class=\"wp-block-columns is-layout-flex wp-container-core-columns-is-layout-28f84493 wp-block-columns-is-layout-flex\">\n<div class=\"wp-block-column is-layout-flow wp-block-column-is-layout-flow\">\n<h2 class=\"wp-block-heading\">\u00bfHablamos de tu flota?<\/h2>\n\n\n\n<ul class=\"wp-block-list\">\n<li>\ud83d\udccd <strong>Direcci\u00f3n:<\/strong> 3034 W ADDISON ST CHICAGO ILLINOIS 60618<\/li>\n<\/ul>\n\n\n\n<iframe src=\"https:\/\/www.google.com\/maps\/embed?pb=!1m18!1m12!1m3!1d3520.025889808886!2d-87.70692872353818!3d41.946891861103666!2m3!1f0!2f0!3f0!3m2!1i1024!2i768!4f13.1!3m3!1m2!1s0x880fcd8f7ade9d17%3A0xb37951058133754c!2s3034%20W%20Addison%20St%2C%20Chicago%2C%20IL%2060618%2C%20EE.%20UU.!5e1!3m2!1ses!2sco!4v1773945177085!5m2!1ses!2sco\" width=\"600\" height=\"450\" style=\"border:0;\" allowfullscreen=\"\" loading=\"lazy\" referrerpolicy=\"no-referrer-when-downgrade\"><\/iframe>\n<\/div>\n\n\n\n<div class=\"wp-block-column is-layout-flow wp-block-column-is-layout-flow\"><style id=\"wpforms-css-vars-78-block-89af9474-0309-416e-ac7e-4bc61d5e2f9f\">\n\t\t\t\t#wpforms-78.wpforms-block-89af9474-0309-416e-ac7e-4bc61d5e2f9f {\n\t\t\t\t--wpforms-label-color: #ffffff;\n--wpforms-field-border-style: none;\n--wpforms-field-text-color: var(--ast-global-color-2);\n--wpforms-field-border-size: 0px;\n--wpforms-field-size-input-height: 31px;\n--wpforms-field-size-input-spacing: 10px;\n--wpforms-field-size-font-size: 14px;\n--wpforms-field-size-line-height: 17px;\n--wpforms-field-size-padding-h: 9px;\n--wpforms-field-size-checkbox-size: 14px;\n--wpforms-field-size-sublabel-spacing: 5px;\n--wpforms-field-size-icon-size: 0.75;\n--wpforms-label-size-font-size: 14px;\n--wpforms-label-size-line-height: 17px;\n--wpforms-label-size-sublabel-font-size: 13px;\n--wpforms-label-size-sublabel-line-height: 16px;\n--wpforms-button-size-font-size: 14px;\n--wpforms-button-size-height: 37px;\n--wpforms-button-size-padding-h: 15px;\n--wpforms-button-size-margin-top: 5px;\n\t\t\t}\n\t\t\t<\/style><div class=\"wpforms-container wpforms-container-full wpforms-block wpforms-block-89af9474-0309-416e-ac7e-4bc61d5e2f9f wpforms-render-modern\" id=\"wpforms-78\"><form id=\"wpforms-form-78\" class=\"wpforms-validate wpforms-form wpforms-ajax-form\" data-formid=\"78\" method=\"post\" enctype=\"multipart\/form-data\" action=\"\/en\/wp-json\/wp\/v2\/pages\/26\" data-token=\"5ec7ccf13ab0046c742d94e9b32e134c\" data-token-time=\"1775407863\"><noscript class=\"wpforms-error-noscript\">Please enable JavaScript in your browser to complete this form.<\/noscript><div id=\"wpforms-error-noscript\" style=\"display: none;\">Please enable JavaScript in your browser to complete this form.<\/div><div class=\"wpforms-field-container\"><div id=\"wpforms-78-field_1-container\" class=\"wpforms-field wpforms-field-name col-50\" data-field-id=\"1\"><fieldset><legend class=\"wpforms-field-label\">Nombre <span class=\"wpforms-required-label\" aria-hidden=\"true\">*<\/span><\/legend><div class=\"wpforms-field-row wpforms-field-large\"><div class=\"wpforms-field-row-block wpforms-first wpforms-one-half\"><input type=\"text\" id=\"wpforms-78-field_1\" class=\"wpforms-field-name-first wpforms-field-required\" name=\"wpforms[fields][1][first]\" placeholder=\"Nombre\" aria-errormessage=\"wpforms-78-field_1-error\" required><label for=\"wpforms-78-field_1\" class=\"wpforms-field-sublabel after wpforms-sublabel-hide\">First<\/label><\/div><div class=\"wpforms-field-row-block wpforms-one-half\"><input type=\"text\" id=\"wpforms-78-field_1-last\" class=\"wpforms-field-name-last wpforms-field-required\" name=\"wpforms[fields][1][last]\" placeholder=\"Apellidos\" aria-errormessage=\"wpforms-78-field_1-last-error\" required><label for=\"wpforms-78-field_1-last\" class=\"wpforms-field-sublabel after wpforms-sublabel-hide\">Last<\/label><\/div><\/div><\/fieldset><\/div><div id=\"wpforms-78-field_11-container\" class=\"wpforms-field wpforms-field-select col-100 wpforms-field-select-style-classic\" data-field-id=\"11\"><label class=\"wpforms-field-label\" for=\"wpforms-78-field_11\">\u00bfC\u00f3mo te gustar\u00eda ser contactado?<\/label><select id=\"wpforms-78-field_11\" class=\"wpforms-field-large\" name=\"wpforms[fields][11]\"><option value=\"Llamada telef\u00f3nica\"  class=\"choice-1 depth-1\"  >Llamada telef\u00f3nica<\/option><option value=\"WhatsApp\"  class=\"choice-2 depth-1\"  >WhatsApp<\/option><option value=\"SMS\"  class=\"choice-3 depth-1\"  >SMS<\/option><option value=\"E-mail\"  class=\"choice-4 depth-1\"  >E-mail<\/option><\/select><\/div><div id=\"wpforms-78-field_2-container\" class=\"wpforms-field wpforms-field-email col-50\" data-field-id=\"2\"><label class=\"wpforms-field-label\" for=\"wpforms-78-field_2\">Correo electr\u00f3nico <span class=\"wpforms-required-label\" aria-hidden=\"true\">*<\/span><\/label><input type=\"email\" id=\"wpforms-78-field_2\" class=\"wpforms-field-large wpforms-field-required\" name=\"wpforms[fields][2]\" spellcheck=\"false\" aria-errormessage=\"wpforms-78-field_2-error\" required><\/div>\t\t<div id=\"wpforms-78-field_3-container\"\n\t\t\tclass=\"wpforms-field wpforms-field-text\"\n\t\t\tdata-field-type=\"text\"\n\t\t\tdata-field-id=\"3\"\n\t\t\t>\n\t\t\t<label class=\"wpforms-field-label\" for=\"wpforms-78-field_3\" >de te tel\u00e9fono<\/label>\n\t\t\t<input type=\"text\" id=\"wpforms-78-field_3\" class=\"wpforms-field-medium\" name=\"wpforms[fields][3]\" >\n\t\t<\/div>\n\t\t<div id=\"wpforms-78-field_6-container\" class=\"wpforms-field wpforms-field-select col-50 wpforms-field-select-style-classic\" data-field-id=\"6\"><label class=\"wpforms-field-label\" for=\"wpforms-78-field_6\">N\u00famero de camiones<\/label><select id=\"wpforms-78-field_6\" class=\"wpforms-field-large\" name=\"wpforms[fields][6]\"><option value=\"No tengo cami\u00f3n\"  class=\"choice-5 depth-1\"  >No tengo cami\u00f3n<\/option><option value=\"1 (Due\u00f1o-Operador)\"  class=\"choice-1 depth-1\"  >1 (Due\u00f1o-Operador)<\/option><option value=\"2 - 5 Camiones\"  class=\"choice-2 depth-1\"  >2 &#8211; 5 Camiones<\/option><option value=\"5 - 10 Camiones\"  class=\"choice-3 depth-1\"  >5 &#8211; 10 Camiones<\/option><option value=\"M\u00e1s de 10 Camiones\"  class=\"choice-4 depth-1\"  >M\u00e1s de 10 Camiones<\/option><\/select><\/div><div id=\"wpforms-78-field_9-container\" class=\"wpforms-field wpforms-field-number col-50\" data-field-id=\"9\"><label class=\"wpforms-field-label\" for=\"wpforms-78-field_9\">N\u00famero de tel\u00e9fono <span class=\"wpforms-required-label\" aria-hidden=\"true\">*<\/span><\/label><input type=\"number\" id=\"wpforms-78-field_9\" class=\"wpforms-field-large wpforms-field-required\" name=\"wpforms[fields][9]\" step=\"any\" aria-errormessage=\"wpforms-78-field_9-error\" required><\/div><div id=\"wpforms-78-field_10-container\" class=\"wpforms-field wpforms-field-number col-50\" data-field-id=\"10\"><label class=\"wpforms-field-label\" for=\"wpforms-78-field_10\">DOT<\/label><input type=\"number\" id=\"wpforms-78-field_10\" class=\"wpforms-field-large\" name=\"wpforms[fields][10]\" step=\"any\" aria-errormessage=\"wpforms-78-field_10-error\" ><\/div><div id=\"wpforms-78-field_4-container\" class=\"wpforms-field wpforms-field-select col-50 wpforms-field-select-style-classic\" data-field-id=\"4\"><label class=\"wpforms-field-label\" for=\"wpforms-78-field_4\">\u00bfQu\u00e9 servicio necesitas? <span class=\"wpforms-required-label\" aria-hidden=\"true\">*<\/span><\/label><select id=\"wpforms-78-field_4\" class=\"wpforms-field-large wpforms-field-required\" name=\"wpforms[fields][4]\" required=\"required\"><option value=\"\" class=\"placeholder\" disabled  selected='selected'>&#8212; Selecciona la opci\u00f3n &#8212;<\/option><option value=\"Creaci\u00f3n de Compa\u00f1\u00eda (LLC &amp; Corp)\"  class=\"choice-1 depth-1\"  >Creaci\u00f3n de Compa\u00f1\u00eda (LLC &amp; Corp)<\/option><option value=\"Permisos Federales (DOT &amp; MC Number)\"  class=\"choice-2 depth-1\"  >Permisos Federales (DOT &amp; MC Number)<\/option><option value=\"Reporte de Impuestos (IFTA &amp; 2290)\"  class=\"choice-3 depth-1\"  >Reporte de Impuestos (IFTA &amp; 2290)<\/option><option value=\"Permisos Estatales (KYU, NY HUT, NM)\"  class=\"choice-5 depth-1\"  >Permisos Estatales (KYU, NY HUT, NM)<\/option><option value=\"Placas comerciales (IRP)\"  class=\"choice-6 depth-1\"  >Placas comerciales (IRP)<\/option><option value=\"Reporte de Transparencia (BOI - FinCEN)\"  class=\"choice-7 depth-1\"  >Reporte de Transparencia (BOI &#8211; FinCEN)<\/option><option value=\"Renovaciones \/ Reinstalaci\u00f3n de Autoridad\"  class=\"choice-8 depth-1\"  >Renovaciones \/ Reinstalaci\u00f3n de Autoridad<\/option><option value=\"Otro \/ Consulta General\"  class=\"choice-9 depth-1\"  >Otro \/ Consulta General<\/option><\/select><\/div><div id=\"wpforms-78-field_12-container\" class=\"wpforms-field wpforms-field-select wpforms-field-select-style-classic\" data-field-id=\"12\"><label class=\"wpforms-field-label\" for=\"wpforms-78-field_12\">\u00bfC\u00f3mo te enteraste de nosotros?<\/label><select id=\"wpforms-78-field_12\" class=\"wpforms-field-large\" name=\"wpforms[fields][12]\"><option value=\"Redes Sociales\"  class=\"choice-1 depth-1\"  >Redes Sociales<\/option><option value=\"Google\"  class=\"choice-2 depth-1\"  >Google<\/option><option value=\"Referido por un amigo\"  class=\"choice-3 depth-1\"  >Referido por un amigo<\/option><option value=\"Llamada representante de ventas\"  class=\"choice-5 depth-1\"  >Llamada representante de ventas<\/option><option value=\"Ya soy cliente\"  class=\"choice-4 depth-1\"  >Ya soy cliente<\/option><\/select><\/div><div id=\"wpforms-78-field_7-container\" class=\"wpforms-field wpforms-field-textarea col-100\" data-field-id=\"7\"><label class=\"wpforms-field-label\" for=\"wpforms-78-field_7\">Mensaje<\/label><textarea id=\"wpforms-78-field_7\" class=\"wpforms-field-medium\" name=\"wpforms[fields][7]\" aria-errormessage=\"wpforms-78-field_7-error\" ><\/textarea><\/div><script>\n\t\t\t\t( function() {\n\t\t\t\t\tconst style = document.createElement( 'style' );\n\t\t\t\t\tstyle.appendChild( document.createTextNode( '#wpforms-78-field_3-container { position: absolute !important; overflow: hidden !important; display: inline !important; height: 1px !important; width: 1px !important; z-index: -1000 !important; padding: 0 !important; } #wpforms-78-field_3-container input { visibility: hidden; } #wpforms-conversational-form-page #wpforms-78-field_3-container label { counter-increment: none; }' ) );\n\t\t\t\t\tdocument.head.appendChild( style );\n\t\t\t\t\tdocument.currentScript?.remove();\n\t\t\t\t} )();\n\t\t\t<\/script><\/div><!-- .wpforms-field-container --><div class=\"wpforms-submit-container\" ><input type=\"hidden\" name=\"wpforms[id]\" value=\"78\"><input type=\"hidden\" name=\"page_title\" value=\"\"><input type=\"hidden\" name=\"page_url\" value=\"https:\/\/dlxtrucking.com\/en\/wp-json\/wp\/v2\/pages\/26\"><input type=\"hidden\" name=\"url_referer\" value=\"\"><button type=\"submit\" name=\"wpforms[submit]\" id=\"wpforms-submit-78\" class=\"wpforms-submit\" data-alt-text=\"Enviando...\" data-submit-text=\"Enviar cotizaci\u00f3n\" aria-live=\"assertive\" value=\"wpforms-submit\">Enviar cotizaci\u00f3n<\/button><img loading=\"lazy\" decoding=\"async\" src=\"https:\/\/dlxtrucking.com\/wp-content\/plugins\/wpforms-lite\/assets\/images\/submit-spin.svg\" class=\"wpforms-submit-spinner\" style=\"display: none;\" width=\"26\" height=\"26\" alt=\"Loading\"><\/div><\/form><\/div>  <!-- .wpforms-container --><\/div>\n<\/div>\n\n\n\n<p><\/p>\n","protected":false},"excerpt":{"rendered":"<p>Ready to grow your fleet?<\/p>","protected":false},"author":1,"featured_media":0,"parent":0,"menu_order":0,"comment_status":"closed","ping_status":"closed","template":"","meta":{"_uag_custom_page_level_css":"","site-sidebar-layout":"default","site-content-layout":"","ast-site-content-layout":"default","site-content-style":"default","site-sidebar-style":"default","ast-global-header-display":"","ast-banner-title-visibility":"","ast-main-header-display":"","ast-hfb-above-header-display":"","ast-hfb-below-header-display":"","ast-hfb-mobile-header-display":"","site-post-title":"disabled","ast-breadcrumbs-content":"","ast-featured-img":"","footer-sml-layout":"","ast-disable-related-posts":"","theme-transparent-header-meta":"","adv-header-id-meta":"","stick-header-meta":"","header-above-stick-meta":"","header-main-stick-meta":"","header-below-stick-meta":"","astra-migrate-meta-layouts":"default","ast-page-background-enabled":"default","ast-page-background-meta":{"desktop":{"background-color":"var(--ast-global-color-5)","background-image":"","background-repeat":"repeat","background-position":"center center","background-size":"auto","background-attachment":"scroll","background-type":"","background-media":"","overlay-type":"","overlay-color":"","overlay-opacity":"","overlay-gradient":""},"tablet":{"background-color":"","background-image":"","background-repeat":"repeat","background-position":"center center","background-size":"auto","background-attachment":"scroll","background-type":"","background-media":"","overlay-type":"","overlay-color":"","overlay-opacity":"","overlay-gradient":""},"mobile":{"background-color":"","background-image":"","background-repeat":"repeat","background-position":"center center","background-size":"auto","background-attachment":"scroll","background-type":"","background-media":"","overlay-type":"","overlay-color":"","overlay-opacity":"","overlay-gradient":""}},"ast-content-background-meta":{"desktop":{"background-color":"var(--ast-global-color-4)","background-image":"","background-repeat":"repeat","background-position":"center center","background-size":"auto","background-attachment":"scroll","background-type":"","background-media":"","overlay-type":"","overlay-color":"","overlay-opacity":"","overlay-gradient":""},"tablet":{"background-color":"var(--ast-global-color-4)","background-image":"","background-repeat":"repeat","background-position":"center center","background-size":"auto","background-attachment":"scroll","background-type":"","background-media":"","overlay-type":"","overlay-color":"","overlay-opacity":"","overlay-gradient":""},"mobile":{"background-color":"var(--ast-global-color-4)","background-image":"","background-repeat":"repeat","background-position":"center center","background-size":"auto","background-attachment":"scroll","background-type":"","background-media":"","overlay-type":"","overlay-color":"","overlay-opacity":"","overlay-gradient":""}},"_joinchat":[],"footnotes":""},"class_list":["post-26","page","type-page","status-publish","hentry"],"aioseo_notices":[],"_hostinger_reach_plugin_has_subscription_block":false,"_hostinger_reach_plugin_is_elementor":false,"uagb_featured_image_src":{"full":false,"thumbnail":false,"medium":false,"medium_large":false,"large":false,"1536x1536":false,"2048x2048":false,"trp-custom-language-flag":false},"uagb_author_info":{"display_name":"dasan0819@hotmail.com","author_link":"https:\/\/dlxtrucking.com\/en\/author\/dasan0819hotmail-com\/"},"uagb_comment_info":0,"uagb_excerpt":"\u00bfHablamos de tu flota?","_links":{"self":[{"href":"https:\/\/dlxtrucking.com\/en\/wp-json\/wp\/v2\/pages\/26","targetHints":{"allow":["GET"]}}],"collection":[{"href":"https:\/\/dlxtrucking.com\/en\/wp-json\/wp\/v2\/pages"}],"about":[{"href":"https:\/\/dlxtrucking.com\/en\/wp-json\/wp\/v2\/types\/page"}],"author":[{"embeddable":true,"href":"https:\/\/dlxtrucking.com\/en\/wp-json\/wp\/v2\/users\/1"}],"replies":[{"embeddable":true,"href":"https:\/\/dlxtrucking.com\/en\/wp-json\/wp\/v2\/comments?post=26"}],"version-history":[{"count":11,"href":"https:\/\/dlxtrucking.com\/en\/wp-json\/wp\/v2\/pages\/26\/revisions"}],"predecessor-version":[{"id":378,"href":"https:\/\/dlxtrucking.com\/en\/wp-json\/wp\/v2\/pages\/26\/revisions\/378"}],"wp:attachment":[{"href":"https:\/\/dlxtrucking.com\/en\/wp-json\/wp\/v2\/media?parent=26"}],"curies":[{"name":"wp","href":"https:\/\/api.w.org\/{rel}","templated":true}]}}